{"id":19825,"date":"2026-02-13T07:33:45","date_gmt":"2026-02-13T07:33:45","guid":{"rendered":"https:\/\/iberbridge.com\/?page_id=19825"},"modified":"2026-02-25T03:53:04","modified_gmt":"2026-02-25T03:53:04","slug":"case-studies-iberbridge","status":"publish","type":"page","link":"https:\/\/iberbridge.com\/es\/case-studies-iberbridge\/","title":{"rendered":"Nuestros Casos de \u00c9xito"},"content":{"rendered":"<div data-elementor-type=\"wp-page\" data-elementor-id=\"19825\" class=\"elementor elementor-19825\" data-elementor-post-type=\"page\">\n\t\t\t\t        <section class=\"elementor-section elementor-top-section elementor-element elementor-element-d36403f elementor-section-stretched elementor-section-boxed elementor-section-height-default elementor-section-height-default pxl-row-scroll-none pxl-zoom-point-false pxl-section-overflow-visible\" data-id=\"d36403f\" data-element_type=\"section\" data-e-type=\"section\" data-settings=\"{&quot;stretch_section&quot;:&quot;section-stretched&quot;,&quot;background_background&quot;:&quot;classic&quot;}\">\n\n                            <div class=\"elementor-background-overlay\"><\/div>\n            \n                <div class=\"elementor-container elementor-column-gap-extended\">\n                <div class=\"elementor-column elementor-col-100 elementor-top-column elementor-element elementor-element-614ab64 pxl-column-none pxl-column-overflow-hidden-no pxl-column-line-no\" data-id=\"614ab64\" data-element_type=\"column\" data-e-type=\"column\">\r\n        <div class=\"elementor-widget-wrap elementor-element-populated\">\r\n                     \r\n        \t\t<div class=\"elementor-element elementor-element-727f758 elementor-widget elementor-widget-pxl_heading\" data-id=\"727f758\" data-element_type=\"widget\" data-e-type=\"widget\" data-widget_type=\"pxl_heading.default\">\n\t\t\t\t<div class=\"elementor-widget-container\">\n\t\t\t\t\t\n<div id=\"pxl-pxl_heading-727f758-6615\" class=\"pxl-heading px-sub-title-default-style\">\n\t<div class=\"pxl-heading--inner\">\n\t\t\n\t\t<h3 class=\"pxl-item--title style-default ft-gt highlight-default\" data-wow-delay=\"ms\">\n\t\t\t\t\t\t\tNuestros Casos de \u00c9xito\t\n\t\t\t\t\n\t\t<\/h3>\n\t\t\n\t<\/div>\n<\/div>\t\t\t\t<\/div>\n\t\t\t\t<\/div>\n\t\t\t\t<div class=\"elementor-element elementor-element-caf2c7b elementor-widget elementor-widget-pxl_text_editor\" data-id=\"caf2c7b\" data-element_type=\"widget\" data-e-type=\"widget\" data-widget_type=\"pxl_text_editor.default\">\n\t\t\t\t<div class=\"elementor-widget-container\">\n\t\t\t\t\t<div class=\"pxl-text-editor\">\n\t<div class=\"pxl-item--inner\" data-wow-delay=\"ms\">\n\t\t<p data-start=\"282\" data-end=\"414\"><span style=\"font-weight: 400\">Conexiones entre mercados que abren oportunidades de crecimiento estrat\u00e9gico.<\/span><\/p>\t\t\n\t<\/div>\n<\/div>\t\t\t\t<\/div>\n\t\t\t\t<\/div>\n\t\t\t\t<div class=\"elementor-element elementor-element-1c85d09 elementor-widget elementor-widget-pxl_breadcrumb\" data-id=\"1c85d09\" data-element_type=\"widget\" data-e-type=\"widget\" data-widget_type=\"pxl_breadcrumb.default\">\n\t\t\t\t<div class=\"elementor-widget-container\">\n\t\t\t\t\t<div class=\"pxl-breadcrumb-wrap\">\n\t<ul class=\"pxl-breadcrumb\"><li><span class=\"breadcrumb-entry\">IberBridge &#8211; P\u00e1gina Principal<\/span><\/li><\/ul><\/div>\t\t\t\t<\/div>\n\t\t\t\t<\/div>\n\t\t            <\/div>\r\n        <\/div>\r\n        \t\t\t<\/div>\n\t\t<\/section>\n\t\t        <section class=\"elementor-section elementor-top-section elementor-element elementor-element-b0a85fe elementor-section-stretched pxl-row-scroll-fixed elementor-section-boxed elementor-section-height-default elementor-section-height-default pxl-zoom-point-false pxl-section-overflow-visible\" data-id=\"b0a85fe\" data-element_type=\"section\" data-e-type=\"section\" data-settings=\"{&quot;stretch_section&quot;:&quot;section-stretched&quot;}\">\n\n                \n                <div class=\"elementor-container elementor-column-gap-extended\">\n                <div class=\"elementor-column elementor-col-50 elementor-top-column elementor-element elementor-element-dfd2c30 pxl-column-sticky pxl-column-overflow-hidden-no pxl-column-line-no\" data-id=\"dfd2c30\" data-element_type=\"column\" data-e-type=\"column\">\r\n        <div class=\"elementor-widget-wrap\">\r\n                     \r\n                    <\/div>\r\n        <\/div>\r\n                <div class=\"elementor-column elementor-col-50 elementor-top-column elementor-element elementor-element-9acf95b pxl-column-none pxl-column-overflow-hidden-no pxl-column-line-no\" data-id=\"9acf95b\" data-element_type=\"column\" data-e-type=\"column\">\r\n        <div class=\"elementor-widget-wrap elementor-element-populated\">\r\n                     \r\n        \t\t<div class=\"elementor-element elementor-element-b00f497 pxl-post-layout-portfolio-3 elementor-widget elementor-widget-pxl_post_grid\" data-id=\"b00f497\" data-element_type=\"widget\" data-e-type=\"widget\" data-widget_type=\"pxl_post_grid.default\">\n\t\t\t\t<div class=\"elementor-widget-container\">\n\t\t\t\t\t\n<div id=\"pxl_post_grid-b00f497-7335\" class=\"pxl-grid pxl-portfolio-grid pxl-portfolio-grid-layout3 pxl-portfolio-style3\" data-start-page=\"1\" data-max-pages=\"1\" data-total=\"3\" data-perpage=\"3\" data-next-link=\"\" data-layout=\"masonry\">\n    <div class=\"container\">\n        <div class=\"row\">\n                    <\/div>\n    <\/div>\n    <div class=\"pxl-grid-inner pxl-grid-masonry row\" data-gutter=\"15\">\n        <div class=\"grid-sizer col-xxl-12 col-xl-12 col-lg-12 col-md-12 col-sm-12 col-12\"><\/div>\n                        <div class=\"pxl-grid-item col-xxl-12 col-xl-12 col-lg-12 col-md-12 col-sm-12 col-12 commercial-representation consultancy market-access\">\n                    <div class=\"pxl-post--inner\" data-wow-duration=\"1.2s\">\n\n                        <div class=\"pxl-post--featured hover-imge-effect3\">\n                            <a href=\"https:\/\/iberbridge.com\/es\/case-studies\/partnership-negotiation-support\/\">   \n                                <img fetchpriority=\"high\" decoding=\"async\" class=\"no-lazyload\" src=\"https:\/\/iberbridge.com\/wp-content\/uploads\/2026\/02\/Diseno-sin-titulo-13-845x413.png\" width=\"845\" height=\"413\" alt=\"Disen\u0303o sin ti\u0301tulo (13)\" title=\"Dise\u00f1o sin t\u00edtulo (13)\" \/>                            <\/a>\n                        <\/div>\n                        <div class=\"pxl-meta\">\n                                                                                        <div class=\"date\">\n                                    <span>Start Day: <\/span>\n                                    Noviembre 2025                                <\/div>\n                                                                                        <div class=\"pxl-post--category\">\n                                    <span>Categories: <\/span>\n                                    <a href=\"https:\/\/iberbridge.com\/es\/case-studie-categorie\/commercial-representation\/\" rel=\"tag\">Representaci\u00f3n Comercial<\/a>,<a href=\"https:\/\/iberbridge.com\/es\/case-studie-categorie\/consultancy\/\" rel=\"tag\">Consultor\u00eda<\/a>,<a href=\"https:\/\/iberbridge.com\/es\/case-studie-categorie\/market-access\/\" rel=\"tag\">Acceso al Mercado<\/a>                                <\/div>\n                                                    <\/div>\n                        <div class=\"pxl-post--holder\">\n                            <h5 class=\"pxl-post--title\">\n                                <a href=\"https:\/\/iberbridge.com\/es\/case-studies\/partnership-negotiation-support\/\">   \n                                    Apoyo en Negociaci\u00f3n de Alianzas                                <\/a>\n                            <\/h5>\n                                                            <div class=\"pxl-post--content\">\n                                                                            Presentaci\u00f3n y asesoramiento a dos partes que exploran una alianza de distribuci\u00f3n en Europa, con IberBridge Partners como intermediario en las negociaciones en calidad de Asesor Senior.                                                                    <\/div>\n                                                        <a class=\"btn--readmore\" href=\"https:\/\/iberbridge.com\/es\/case-studies\/partnership-negotiation-support\/\">\n                                <span class=\"btn--text\">\n                                    Read more                                <\/span>\n                                <svg xmlns=\"http:\/\/www.w3.org\/2000\/svg\" xmlns:xlink=\"http:\/\/www.w3.org\/1999\/xlink\" width=\"32\" x=\"0\" y=\"0\" viewbox=\"0 0 1560 1560\" style=\"enable-background:new 0 0 512 512\" xml:space=\"preserve\" class=\"\"><g transform=\"matrix(1,0,0,1,4.999999999999545,4.547473508864641e-13)\"><path d=\"M1524 811.8H36c-17.7 0-32-14.3-32-32s14.3-32 32-32h1410.7l-194.2-194.2c-12.5-12.5-12.5-32.8 0-45.3s32.8-12.5 45.3 0l248.9 248.9c9.2 9.2 11.9 22.9 6.9 34.9-5 11.9-16.7 19.7-29.6 19.7z\" fill=\"#0a1119\" opacity=\"1\" data-original=\"#000000\"><\/path><path d=\"M1274.8 1061c-8.2 0-16.4-3.1-22.6-9.4-12.5-12.5-12.5-32.8 0-45.3l249.2-249.2c12.5-12.5 32.8-12.5 45.3 0s12.5 32.8 0 45.3l-249.2 249.2c-6.3 6.3-14.5 9.4-22.7 9.4z\" fill=\"#0a1119\" opacity=\"1\" data-original=\"#000000\"><\/path><\/g><\/svg>\n                            <\/a>\n                        <\/div>\n                        \n                    <\/div>\n                <\/div>\n                                    <div class=\"pxl-grid-item col-xxl-12 col-xl-12 col-lg-12 col-md-12 col-sm-12 col-12 consultancy market-access\">\n                    <div class=\"pxl-post--inner\" data-wow-duration=\"1.2s\">\n\n                        <div class=\"pxl-post--featured hover-imge-effect3\">\n                            <a href=\"https:\/\/iberbridge.com\/es\/case-studies\/european-expansion-support\/\">   \n                                <img decoding=\"async\" class=\"no-lazyload\" src=\"https:\/\/iberbridge.com\/wp-content\/uploads\/2026\/02\/Diseno-sin-titulo-11-845x413.png\" width=\"845\" height=\"413\" alt=\"Disen\u0303o sin ti\u0301tulo (11)\" title=\"Dise\u00f1o sin t\u00edtulo (11)\" \/>                            <\/a>\n                        <\/div>\n                        <div class=\"pxl-meta\">\n                                                                                        <div class=\"date\">\n                                    <span>Start Day: <\/span>\n                                    Julio 2025                                <\/div>\n                                                                                        <div class=\"pxl-post--category\">\n                                    <span>Categories: <\/span>\n                                    <a href=\"https:\/\/iberbridge.com\/es\/case-studie-categorie\/consultancy\/\" rel=\"tag\">Consultor\u00eda<\/a>,<a href=\"https:\/\/iberbridge.com\/es\/case-studie-categorie\/market-access\/\" rel=\"tag\">Acceso al Mercado<\/a>                                <\/div>\n                                                    <\/div>\n                        <div class=\"pxl-post--holder\">\n                            <h5 class=\"pxl-post--title\">\n                                <a href=\"https:\/\/iberbridge.com\/es\/case-studies\/european-expansion-support\/\">   \n                                    Apoyo a la Expansi\u00f3n Europea                                <\/a>\n                            <\/h5>\n                                                            <div class=\"pxl-post--content\">\n                                                                            IberBridge Partners act\u00faa como Asesor Senior de una plataforma europea de inteligencia y networking en gesti\u00f3n patrimonial, definiendo e implementando un plan de crecimiento a tres a\u00f1os y apoyando la apertura de oficinas en Fr\u00e1ncfort y Par\u00eds, incluyendo la creaci\u00f3n de equipos locales.                                                                    <\/div>\n                                                        <a class=\"btn--readmore\" href=\"https:\/\/iberbridge.com\/es\/case-studies\/european-expansion-support\/\">\n                                <span class=\"btn--text\">\n                                    Read more                                <\/span>\n                                <svg xmlns=\"http:\/\/www.w3.org\/2000\/svg\" xmlns:xlink=\"http:\/\/www.w3.org\/1999\/xlink\" width=\"32\" x=\"0\" y=\"0\" viewbox=\"0 0 1560 1560\" style=\"enable-background:new 0 0 512 512\" xml:space=\"preserve\" class=\"\"><g transform=\"matrix(1,0,0,1,4.999999999999545,4.547473508864641e-13)\"><path d=\"M1524 811.8H36c-17.7 0-32-14.3-32-32s14.3-32 32-32h1410.7l-194.2-194.2c-12.5-12.5-12.5-32.8 0-45.3s32.8-12.5 45.3 0l248.9 248.9c9.2 9.2 11.9 22.9 6.9 34.9-5 11.9-16.7 19.7-29.6 19.7z\" fill=\"#0a1119\" opacity=\"1\" data-original=\"#000000\"><\/path><path d=\"M1274.8 1061c-8.2 0-16.4-3.1-22.6-9.4-12.5-12.5-12.5-32.8 0-45.3l249.2-249.2c12.5-12.5 32.8-12.5 45.3 0s12.5 32.8 0 45.3l-249.2 249.2c-6.3 6.3-14.5 9.4-22.7 9.4z\" fill=\"#0a1119\" opacity=\"1\" data-original=\"#000000\"><\/path><\/g><\/svg>\n                            <\/a>\n                        <\/div>\n                        \n                    <\/div>\n                <\/div>\n                                    <div class=\"pxl-grid-item col-xxl-12 col-xl-12 col-lg-12 col-md-12 col-sm-12 col-12 commercial-representation distribution-strategy market-access\">\n                    <div class=\"pxl-post--inner\" data-wow-duration=\"1.2s\">\n\n                        <div class=\"pxl-post--featured hover-imge-effect3\">\n                            <a href=\"https:\/\/iberbridge.com\/es\/case-studies\/iberia-market-entry\/\">   \n                                <img decoding=\"async\" class=\"no-lazyload\" src=\"https:\/\/iberbridge.com\/wp-content\/uploads\/2026\/02\/Diseno-sin-titulo-12-845x413.png\" width=\"845\" height=\"413\" alt=\"Disen\u0303o sin ti\u0301tulo (12)\" title=\"Dise\u00f1o sin t\u00edtulo (12)\" \/>                            <\/a>\n                        <\/div>\n                        <div class=\"pxl-meta\">\n                                                                                        <div class=\"date\">\n                                    <span>Start Day: <\/span>\n                                    Agosto 2025                                <\/div>\n                                                                                        <div class=\"pxl-post--category\">\n                                    <span>Categories: <\/span>\n                                    <a href=\"https:\/\/iberbridge.com\/es\/case-studie-categorie\/commercial-representation\/\" rel=\"tag\">Representaci\u00f3n Comercial<\/a>,<a href=\"https:\/\/iberbridge.com\/es\/case-studie-categorie\/distribution-strategy\/\" rel=\"tag\">Estrategia de Distribuci\u00f3n<\/a>,<a href=\"https:\/\/iberbridge.com\/es\/case-studie-categorie\/market-access\/\" rel=\"tag\">Acceso al Mercado<\/a>                                <\/div>\n                                                    <\/div>\n                        <div class=\"pxl-post--holder\">\n                            <h5 class=\"pxl-post--title\">\n                                <a href=\"https:\/\/iberbridge.com\/es\/case-studies\/iberia-market-entry\/\">   \n                                    Entrada en el Mercado Ib\u00e9rico                                <\/a>\n                            <\/h5>\n                                                            <div class=\"pxl-post--content\">\n                                                                            Asesoramiento senior para un consultor de inversiones internacional independiente que entra en Iberia, presentando sus soluciones a gestores patrimoniales y clientes institucionales en Espa\u00f1a y Portugal y apoyando el proceso de desarrollo de negocio.                                                                    <\/div>\n                                                        <a class=\"btn--readmore\" href=\"https:\/\/iberbridge.com\/es\/case-studies\/iberia-market-entry\/\">\n                                <span class=\"btn--text\">\n                                    Read more                                <\/span>\n                                <svg xmlns=\"http:\/\/www.w3.org\/2000\/svg\" xmlns:xlink=\"http:\/\/www.w3.org\/1999\/xlink\" width=\"32\" x=\"0\" y=\"0\" viewbox=\"0 0 1560 1560\" style=\"enable-background:new 0 0 512 512\" xml:space=\"preserve\" class=\"\"><g transform=\"matrix(1,0,0,1,4.999999999999545,4.547473508864641e-13)\"><path d=\"M1524 811.8H36c-17.7 0-32-14.3-32-32s14.3-32 32-32h1410.7l-194.2-194.2c-12.5-12.5-12.5-32.8 0-45.3s32.8-12.5 45.3 0l248.9 248.9c9.2 9.2 11.9 22.9 6.9 34.9-5 11.9-16.7 19.7-29.6 19.7z\" fill=\"#0a1119\" opacity=\"1\" data-original=\"#000000\"><\/path><path d=\"M1274.8 1061c-8.2 0-16.4-3.1-22.6-9.4-12.5-12.5-12.5-32.8 0-45.3l249.2-249.2c12.5-12.5 32.8-12.5 45.3 0s12.5 32.8 0 45.3l-249.2 249.2c-6.3 6.3-14.5 9.4-22.7 9.4z\" fill=\"#0a1119\" opacity=\"1\" data-original=\"#000000\"><\/path><\/g><\/svg>\n                            <\/a>\n                        <\/div>\n                        \n                    <\/div>\n                <\/div>\n                        <\/div>\n        <\/div>\t\t\t\t<\/div>\n\t\t\t\t<\/div>\n\t\t        <section class=\"elementor-section elementor-inner-section elementor-element elementor-element-76a86d9 elementor-section-boxed elementor-section-height-default elementor-section-height-default pxl-row-scroll-none pxl-zoom-point-false pxl-section-overflow-visible\" data-id=\"76a86d9\" data-element_type=\"section\" data-e-type=\"section\" data-settings=\"{&quot;background_background&quot;:&quot;classic&quot;}\">\n\n                \n                <div class=\"elementor-container elementor-column-gap-default\">\n                <div class=\"elementor-column elementor-col-100 elementor-inner-column elementor-element elementor-element-00a3975 pxl-column-none pxl-column-overflow-hidden-no pxl-column-line-no\" data-id=\"00a3975\" data-element_type=\"column\" data-e-type=\"column\">\r\n        <div class=\"elementor-widget-wrap elementor-element-populated\">\r\n                     \r\n        \t\t<div class=\"elementor-element elementor-element-9d6501d elementor-widget elementor-widget-pxl_heading\" data-id=\"9d6501d\" data-element_type=\"widget\" data-e-type=\"widget\" data-widget_type=\"pxl_heading.default\">\n\t\t\t\t<div class=\"elementor-widget-container\">\n\t\t\t\t\t\n<div id=\"pxl-pxl_heading-9d6501d-3541\" class=\"pxl-heading px-sub-title-default-style\">\n\t<div class=\"pxl-heading--inner\">\n\t\t\n\t\t<h3 class=\"pxl-item--title style-default  highlight-default\" data-wow-delay=\"ms\">\n\t\t\t\t\t\t\tHablemos\n\n\t\n\t\t\t\t\n\t\t<\/h3>\n\t\t\n\t<\/div>\n<\/div>\t\t\t\t<\/div>\n\t\t\t\t<\/div>\n\t\t\t\t<div class=\"elementor-element elementor-element-36ccc55 elementor-widget elementor-widget-pxl_text_editor\" data-id=\"36ccc55\" data-element_type=\"widget\" data-e-type=\"widget\" data-widget_type=\"pxl_text_editor.default\">\n\t\t\t\t<div class=\"elementor-widget-container\">\n\t\t\t\t\t<div class=\"pxl-text-editor\">\n\t<div class=\"pxl-item--inner\" data-wow-delay=\"ms\">\n\t\t<p>\u00a1Ll\u00e1menos directamente, env\u00ede una muestra o escr\u00edbanos por correo electr\u00f3nico!<\/p>\t\t\n\t<\/div>\n<\/div>\t\t\t\t<\/div>\n\t\t\t\t<\/div>\n\t\t\t\t<div class=\"elementor-element elementor-element-e0eec29 elementor-widget elementor-widget-pxl_icon_box\" data-id=\"e0eec29\" data-element_type=\"widget\" data-e-type=\"widget\" data-widget_type=\"pxl_icon_box.default\">\n\t\t\t\t<div class=\"elementor-widget-container\">\n\t\t\t\t\t<div class=\"pxl-icon-box pxl-icon-box1 style-2 ani3\" data-wow-delay=\"ms\">\r\n    <div class=\"pxl-item--inner\">\r\n        \r\n                            <div class=\"pxl-item--icon\">\r\n                                    <svg xmlns=\"http:\/\/www.w3.org\/2000\/svg\" width=\"32\" height=\"32\" fill=\"#000000\" viewbox=\"0 0 256 256\"><path d=\"M128,64a40,40,0,1,0,40,40A40,40,0,0,0,128,64Zm0,64a24,24,0,1,1,24-24A24,24,0,0,1,128,128Zm0-112a88.1,88.1,0,0,0-88,88c0,31.4,14.51,64.68,42,96.25a254.19,254.19,0,0,0,41.45,38.3,8,8,0,0,0,9.18,0A254.19,254.19,0,0,0,174,200.25c27.45-31.57,42-64.85,42-96.25A88.1,88.1,0,0,0,128,16Zm0,206c-16.53-13-72-60.75-72-118a72,72,0,0,1,144,0C200,161.23,144.53,209,128,222Z\"><\/path><\/svg>                                <\/div>\r\n                        <div class=\"pxl-item--meta\">\r\n            <h5 class=\"pxl-item--title el-empty\">\r\n                        Vis\u00edtenos                        <\/h5>\r\n            <div class=\"pxl-item--description el-empty\">Calle Alhena 3. Madrid. 28023. Espa\u00f1a<br><\/div>\r\n        <\/div>\r\n    <\/div>\r\n<\/div>\t\t\t\t<\/div>\n\t\t\t\t<\/div>\n\t\t\t\t<div class=\"elementor-element elementor-element-0f33ab6 elementor-widget elementor-widget-pxl_icon_box\" data-id=\"0f33ab6\" data-element_type=\"widget\" data-e-type=\"widget\" data-widget_type=\"pxl_icon_box.default\">\n\t\t\t\t<div class=\"elementor-widget-container\">\n\t\t\t\t\t<div class=\"pxl-icon-box pxl-icon-box1 style-2 ani3\" data-wow-delay=\"ms\">\r\n    <div class=\"pxl-item--inner\">\r\n        \r\n                            <div class=\"pxl-item--icon\">\r\n                                    <svg xmlns=\"http:\/\/www.w3.org\/2000\/svg\" width=\"32\" height=\"32\" fill=\"#000000\" viewbox=\"0 0 256 256\"><path d=\"M168,112a8,8,0,0,1-8,8H96a8,8,0,0,1,0-16h64A8,8,0,0,1,168,112Zm-8,24H96a8,8,0,0,0,0,16h64a8,8,0,0,0,0-16Zm72-12A100.11,100.11,0,0,1,132,224H47.67A15.69,15.69,0,0,1,32,208.33V124a100,100,0,0,1,200,0Zm-16,0a84,84,0,0,0-168,0v84h84A84.09,84.09,0,0,0,216,124Z\"><\/path><\/svg>                                <\/div>\r\n                        <div class=\"pxl-item--meta\">\r\n            <h5 class=\"pxl-item--title el-empty\">\r\n                        Contacto                        <\/h5>\r\n            <div class=\"pxl-item--description el-empty\">Ll\u00e1menos:  (+34) 91 357 9651<br>\n(+34) 687 597 660\n<br>info@iberbridge.com<\/div>\r\n        <\/div>\r\n    <\/div>\r\n<\/div>\t\t\t\t<\/div>\n\t\t\t\t<\/div>\n\t\t\t\t<div class=\"elementor-element elementor-element-6b5ed2b ft-gt elementor-widget elementor-widget-pxl_button\" data-id=\"6b5ed2b\" data-element_type=\"widget\" data-e-type=\"widget\" data-widget_type=\"pxl_button.default\">\n\t\t\t\t<div class=\"elementor-widget-container\">\n\t\t\t\t\t<div id=\"pxl-pxl_button-6b5ed2b-7973\" class=\"pxl-button pxl-atc-link\" data-wow-delay=\"ms\">\r\n    <a href=\"\/es\/contact\/\" class=\"btn pxl-icon-active btn-text-nina btn-default  full pxl-icon--right\" data-wow-delay=\"ms\" data-target=\".pxl-page-popup-template-0\">\r\n                <span class=\"pxl--btn-text\" data-text=\"Get in Touch \">\r\n            <span>G<\/span><span>e<\/span><span>t<\/span><span class=\"spacer\">&nbsp;<\/span><span>i<\/span><span>n<\/span><span class=\"spacer\">&nbsp;<\/span><span>T<\/span><span>o<\/span><span>u<\/span><span>c<\/span><span>h<\/span><span class=\"spacer\">&nbsp;<\/span>        <\/span>\r\n            <\/a>\r\n<\/div>\t\t\t\t<\/div>\n\t\t\t\t<\/div>\n\t\t            <\/div>\r\n        <\/div>\r\n        \t\t\t<\/div>\n\t\t<\/section>\n\t\t            <\/div>\r\n        <\/div>\r\n        \t\t\t<\/div>\n\t\t<\/section>\n\t\t\t\t<\/div>","protected":false},"excerpt":{"rendered":"<p>Our Case Studies Connections across markets that unlock strategic growth opportunities. IberBridge &#8211; Home Main Start Day: November 2025 Categories: Commercial Representation,Consultancy,Market Access Partnership Negotiation Support Introducing and advising two parties exploring a distribution partnership in Europe, with IberBridge Partners intermediating negotiations as Senior Advisor. Read more Start Day: July 2025 Categories: Consultancy,Market Access European [&hellip;]<\/p>\n","protected":false},"author":1,"featured_media":0,"parent":0,"menu_order":0,"comment_status":"closed","ping_status":"closed","template":"","meta":{"footnotes":""},"class_list":["post-19825","page","type-page","status-publish","hentry"],"_hostinger_reach_plugin_has_subscription_block":false,"_hostinger_reach_plugin_is_elementor":false,"_links":{"self":[{"href":"https:\/\/iberbridge.com\/es\/wp-json\/wp\/v2\/pages\/19825","targetHints":{"allow":["GET"]}}],"collection":[{"href":"https:\/\/iberbridge.com\/es\/wp-json\/wp\/v2\/pages"}],"about":[{"href":"https:\/\/iberbridge.com\/es\/wp-json\/wp\/v2\/types\/page"}],"author":[{"embeddable":true,"href":"https:\/\/iberbridge.com\/es\/wp-json\/wp\/v2\/users\/1"}],"replies":[{"embeddable":true,"href":"https:\/\/iberbridge.com\/es\/wp-json\/wp\/v2\/comments?post=19825"}],"version-history":[{"count":40,"href":"https:\/\/iberbridge.com\/es\/wp-json\/wp\/v2\/pages\/19825\/revisions"}],"predecessor-version":[{"id":20288,"href":"https:\/\/iberbridge.com\/es\/wp-json\/wp\/v2\/pages\/19825\/revisions\/20288"}],"wp:attachment":[{"href":"https:\/\/iberbridge.com\/es\/wp-json\/wp\/v2\/media?parent=19825"}],"curies":[{"name":"wp","href":"https:\/\/api.w.org\/{rel}","templated":true}]}}